{"id":34804,"date":"2024-06-20T09:00:29","date_gmt":"2024-06-20T14:00:29","guid":{"rendered":"https:\/\/www.evergreen.ca\/?page_id=34804"},"modified":"2025-09-03T15:23:17","modified_gmt":"2025-09-03T20:23:17","slug":"abonnez-vous-a-linfolettre-devergreen","status":"publish","type":"page","link":"https:\/\/www.evergreen.ca\/fr\/abonnez-vous-a-linfolettre-devergreen\/","title":{"rendered":"Abonnez-vous \u00e0 l&rsquo;Infolettre d&rsquo;Evergreen"},"content":{"rendered":"","protected":false},"excerpt":{"rendered":"","protected":false},"author":20,"featured_media":0,"parent":0,"menu_order":0,"comment_status":"closed","ping_status":"closed","template":"","meta":{"_acf_changed":false,"inline_featured_image":false,"footnotes":""},"class_list":["post-34804","page","type-page","status-publish","hentry"],"acf":[],"yoast_head":"<!-- This site is optimized with the Yoast SEO plugin v26.5 - https:\/\/yoast.com\/wordpress\/plugins\/seo\/ -->\n<title>Abonnez-vous \u00e0 l&#039;Infolettre d&#039;Evergreen - Evergreen<\/title>\n<meta name=\"description\" content=\"Ce n\u2019est pas simplement l\u2019actu de l\u2019organisation! L\u2019infolettre est une conversation sur les questions les plus urgentes d&#039;urbanisme\" \/>\n<meta name=\"robots\" content=\"index, follow, max-snippet:-1, max-image-preview:large, max-video-preview:-1\" \/>\n<link rel=\"canonical\" href=\"https:\/\/www.evergreen.ca\/fr\/abonnez-vous-a-linfolettre-devergreen\/\" \/>\n<meta property=\"og:locale\" content=\"fr_FR\" \/>\n<meta property=\"og:type\" content=\"article\" \/>\n<meta property=\"og:title\" content=\"Abonnez-vous \u00e0 l&#039;Infolettre d&#039;Evergreen\" \/>\n<meta property=\"og:description\" content=\"Soyez le premier \u00e0 lire les nouveaux articles, \u00e0 \u00eatre inform\u00e9 des \u00e9v\u00e8nements \u00e0 venir et \u00e0 acc\u00e9der \u00e0 des ressources utiles.\" \/>\n<meta property=\"og:url\" content=\"https:\/\/www.evergreen.ca\/fr\/abonnez-vous-a-linfolettre-devergreen\/\" \/>\n<meta property=\"og:site_name\" content=\"Evergreen\" \/>\n<meta property=\"article:modified_time\" content=\"2025-09-03T20:23:17+00:00\" \/>\n<meta property=\"og:image\" content=\"https:\/\/www.evergreen.ca\/wp-content\/uploads\/2024\/11\/gardens_tiffanycommons_EGNEWS.jpg\" \/>\n\t<meta property=\"og:image:width\" content=\"1500\" \/>\n\t<meta property=\"og:image:height\" content=\"1001\" \/>\n\t<meta property=\"og:image:type\" content=\"image\/jpeg\" \/>\n<meta name=\"twitter:card\" content=\"summary_large_image\" \/>\n<meta name=\"twitter:title\" content=\"Abonnez-vous \u00e0 l&#039;Infolettre d&#039;Evergreen\" \/>\n<meta name=\"twitter:description\" content=\"Soyez le premier \u00e0 lire les nouveaux articles, \u00e0 \u00eatre inform\u00e9 des \u00e9v\u00e8nements \u00e0 venir et \u00e0 acc\u00e9der \u00e0 des ressources utiles.\" \/>\n<meta name=\"twitter:image\" content=\"https:\/\/www.evergreen.ca\/wp-content\/uploads\/2024\/11\/gardens_tiffanycommons_EGNEWS.jpg\" \/>\n<script type=\"application\/ld+json\" class=\"yoast-schema-graph\">{\"@context\":\"https:\/\/schema.org\",\"@graph\":[{\"@type\":\"WebPage\",\"@id\":\"https:\/\/www.evergreen.ca\/fr\/abonnez-vous-a-linfolettre-devergreen\/\",\"url\":\"https:\/\/www.evergreen.ca\/fr\/abonnez-vous-a-linfolettre-devergreen\/\",\"name\":\"Abonnez-vous \u00e0 l'Infolettre d'Evergreen - Evergreen\",\"isPartOf\":{\"@id\":\"https:\/\/www.evergreen.ca\/fr\/#website\"},\"datePublished\":\"2024-06-20T14:00:29+00:00\",\"dateModified\":\"2025-09-03T20:23:17+00:00\",\"description\":\"Ce n\u2019est pas simplement l\u2019actu de l\u2019organisation! L\u2019infolettre est une conversation sur les questions les plus urgentes d'urbanisme\",\"breadcrumb\":{\"@id\":\"https:\/\/www.evergreen.ca\/fr\/abonnez-vous-a-linfolettre-devergreen\/#breadcrumb\"},\"inLanguage\":\"fr-FR\",\"potentialAction\":[{\"@type\":\"ReadAction\",\"target\":[\"https:\/\/www.evergreen.ca\/fr\/abonnez-vous-a-linfolettre-devergreen\/\"]}]},{\"@type\":\"BreadcrumbList\",\"@id\":\"https:\/\/www.evergreen.ca\/fr\/abonnez-vous-a-linfolettre-devergreen\/#breadcrumb\",\"itemListElement\":[{\"@type\":\"ListItem\",\"position\":1,\"name\":\"Home\",\"item\":\"https:\/\/www.evergreen.ca\/fr\/\"},{\"@type\":\"ListItem\",\"position\":2,\"name\":\"Abonnez-vous \u00e0 l&#8217;Infolettre d&#8217;Evergreen\"}]},{\"@type\":\"WebSite\",\"@id\":\"https:\/\/www.evergreen.ca\/fr\/#website\",\"url\":\"https:\/\/www.evergreen.ca\/fr\/\",\"name\":\"Evergreen\",\"description\":\"\",\"potentialAction\":[{\"@type\":\"SearchAction\",\"target\":{\"@type\":\"EntryPoint\",\"urlTemplate\":\"https:\/\/www.evergreen.ca\/fr\/?s={search_term_string}\"},\"query-input\":{\"@type\":\"PropertyValueSpecification\",\"valueRequired\":true,\"valueName\":\"search_term_string\"}}],\"inLanguage\":\"fr-FR\"}]}<\/script>\n<!-- \/ Yoast SEO plugin. -->","yoast_head_json":{"title":"Abonnez-vous \u00e0 l'Infolettre d'Evergreen - Evergreen","description":"Ce n\u2019est pas simplement l\u2019actu de l\u2019organisation! L\u2019infolettre est une conversation sur les questions les plus urgentes d'urbanisme","robots":{"index":"index","follow":"follow","max-snippet":"max-snippet:-1","max-image-preview":"max-image-preview:large","max-video-preview":"max-video-preview:-1"},"canonical":"https:\/\/www.evergreen.ca\/fr\/abonnez-vous-a-linfolettre-devergreen\/","og_locale":"fr_FR","og_type":"article","og_title":"Abonnez-vous \u00e0 l'Infolettre d'Evergreen","og_description":"Soyez le premier \u00e0 lire les nouveaux articles, \u00e0 \u00eatre inform\u00e9 des \u00e9v\u00e8nements \u00e0 venir et \u00e0 acc\u00e9der \u00e0 des ressources utiles.","og_url":"https:\/\/www.evergreen.ca\/fr\/abonnez-vous-a-linfolettre-devergreen\/","og_site_name":"Evergreen","article_modified_time":"2025-09-03T20:23:17+00:00","og_image":[{"width":1500,"height":1001,"url":"https:\/\/www.evergreen.ca\/wp-content\/uploads\/2024\/11\/gardens_tiffanycommons_EGNEWS.jpg","type":"image\/jpeg"}],"twitter_card":"summary_large_image","twitter_title":"Abonnez-vous \u00e0 l'Infolettre d'Evergreen","twitter_description":"Soyez le premier \u00e0 lire les nouveaux articles, \u00e0 \u00eatre inform\u00e9 des \u00e9v\u00e8nements \u00e0 venir et \u00e0 acc\u00e9der \u00e0 des ressources utiles.","twitter_image":"https:\/\/www.evergreen.ca\/wp-content\/uploads\/2024\/11\/gardens_tiffanycommons_EGNEWS.jpg","schema":{"@context":"https:\/\/schema.org","@graph":[{"@type":"WebPage","@id":"https:\/\/www.evergreen.ca\/fr\/abonnez-vous-a-linfolettre-devergreen\/","url":"https:\/\/www.evergreen.ca\/fr\/abonnez-vous-a-linfolettre-devergreen\/","name":"Abonnez-vous \u00e0 l'Infolettre d'Evergreen - Evergreen","isPartOf":{"@id":"https:\/\/www.evergreen.ca\/fr\/#website"},"datePublished":"2024-06-20T14:00:29+00:00","dateModified":"2025-09-03T20:23:17+00:00","description":"Ce n\u2019est pas simplement l\u2019actu de l\u2019organisation! L\u2019infolettre est une conversation sur les questions les plus urgentes d'urbanisme","breadcrumb":{"@id":"https:\/\/www.evergreen.ca\/fr\/abonnez-vous-a-linfolettre-devergreen\/#breadcrumb"},"inLanguage":"fr-FR","potentialAction":[{"@type":"ReadAction","target":["https:\/\/www.evergreen.ca\/fr\/abonnez-vous-a-linfolettre-devergreen\/"]}]},{"@type":"BreadcrumbList","@id":"https:\/\/www.evergreen.ca\/fr\/abonnez-vous-a-linfolettre-devergreen\/#breadcrumb","itemListElement":[{"@type":"ListItem","position":1,"name":"Home","item":"https:\/\/www.evergreen.ca\/fr\/"},{"@type":"ListItem","position":2,"name":"Abonnez-vous \u00e0 l&#8217;Infolettre d&#8217;Evergreen"}]},{"@type":"WebSite","@id":"https:\/\/www.evergreen.ca\/fr\/#website","url":"https:\/\/www.evergreen.ca\/fr\/","name":"Evergreen","description":"","potentialAction":[{"@type":"SearchAction","target":{"@type":"EntryPoint","urlTemplate":"https:\/\/www.evergreen.ca\/fr\/?s={search_term_string}"},"query-input":{"@type":"PropertyValueSpecification","valueRequired":true,"valueName":"search_term_string"}}],"inLanguage":"fr-FR"}]}},"_links":{"self":[{"href":"https:\/\/www.evergreen.ca\/fr\/wp-json\/wp\/v2\/pages\/34804","targetHints":{"allow":["GET"]}}],"collection":[{"href":"https:\/\/www.evergreen.ca\/fr\/wp-json\/wp\/v2\/pages"}],"about":[{"href":"https:\/\/www.evergreen.ca\/fr\/wp-json\/wp\/v2\/types\/page"}],"author":[{"embeddable":true,"href":"https:\/\/www.evergreen.ca\/fr\/wp-json\/wp\/v2\/users\/20"}],"replies":[{"embeddable":true,"href":"https:\/\/www.evergreen.ca\/fr\/wp-json\/wp\/v2\/comments?post=34804"}],"version-history":[{"count":1,"href":"https:\/\/www.evergreen.ca\/fr\/wp-json\/wp\/v2\/pages\/34804\/revisions"}],"predecessor-version":[{"id":34805,"href":"https:\/\/www.evergreen.ca\/fr\/wp-json\/wp\/v2\/pages\/34804\/revisions\/34805"}],"wp:attachment":[{"href":"https:\/\/www.evergreen.ca\/fr\/wp-json\/wp\/v2\/media?parent=34804"}],"curies":[{"name":"wp","href":"https:\/\/api.w.org\/{rel}","templated":true}]}}